{"id":833,"date":"2018-10-30T10:57:06","date_gmt":"2018-10-30T09:57:06","guid":{"rendered":"https:\/\/www.carre-f.com\/magasin-73\/?page_id=833"},"modified":"2026-01-14T15:37:55","modified_gmt":"2026-01-14T14:37:55","slug":"chauffage-et-climatisation-poeles-a-granules-de-bois","status":"publish","type":"page","link":"https:\/\/www.carre-f.com\/magasin-73\/chauffage-et-climatisation-poeles-a-granules-de-bois\/","title":{"rendered":"Chauffage et climatisation > Chauffage \u00e0 Granules de bois"},"content":{"rendered":"<p>[et_pb_section fb_built=&#8221;1&#8243; disabled_on=&#8221;on|on|off&#8221; admin_label=&#8221;Section en-tete ordinateurs&#8221; _builder_version=&#8221;4.27.4&#8243; background_color=&#8221;#535658&#8243; min_height=&#8221;239.4px&#8221; custom_margin=&#8221;||47px||false|false&#8221; custom_padding=&#8221;0|0px|0px|0px|false|false&#8221; global_module=&#8221;71&#8243; saved_tabs=&#8221;all&#8221; global_colors_info=&#8221;{}&#8221;][et_pb_row _builder_version=&#8221;4.27.4&#8243; _module_preset=&#8221;default&#8221; global_colors_info=&#8221;{}&#8221;][et_pb_column type=&#8221;4_4&#8243; _builder_version=&#8221;4.27.4&#8243; _module_preset=&#8221;default&#8221; global_colors_info=&#8221;{}&#8221;][et_pb_image src=&#8221;https:\/\/www.carre-f.com\/magasin-73\/wp-content\/uploads\/2025\/08\/ACCEUIL.png&#8221; title_text=&#8221;ACCEUIL&#8221; url=&#8221;https:\/\/www.carre-f.com\/magasin-73\/?et_fb=1&#038;PageSpeed=off#&#8221; _builder_version=&#8221;4.27.4&#8243; _module_preset=&#8221;default&#8221; width=&#8221;30%&#8221; module_alignment=&#8221;center&#8221; global_colors_info=&#8221;{}&#8221;][\/et_pb_image][\/et_pb_column][\/et_pb_row][et_pb_row _builder_version=&#8221;4.27.4&#8243; _module_preset=&#8221;default&#8221; width=&#8221;92%&#8221; custom_margin=&#8221;|156px||auto||&#8221; custom_padding=&#8221;|||599px||&#8221; global_colors_info=&#8221;{}&#8221;][et_pb_column type=&#8221;4_4&#8243; _builder_version=&#8221;4.27.4&#8243; _module_preset=&#8221;default&#8221; global_colors_info=&#8221;{}&#8221;][et_pb_search button_color=&#8221;#ddd6ce&#8221; _builder_version=&#8221;4.27.4&#8243; _module_preset=&#8221;default&#8221; form_field_background_color=&#8221;#FFFFFF&#8221; button_text_color=&#8221;#000000&#8243; width=&#8221;89.4%&#8221; custom_margin=&#8221;|-41px||63px||&#8221; custom_padding=&#8221;0.715em|0em|0.715em|21em|false|false&#8221; global_colors_info=&#8221;{}&#8221;][\/et_pb_search][\/et_pb_column][\/et_pb_row][\/et_pb_section][et_pb_section fb_built=&#8221;1&#8243; fullwidth=&#8221;on&#8221; disabled_on=&#8221;on|on|off&#8221; admin_label=&#8221;MENU RAYONS &#8211; Ordinateur&#8221; _builder_version=&#8221;4.27.4&#8243; background_color=&#8221;#535658&#8243; z_index=&#8221;99999&#8243; width=&#8221;100%&#8221; min_height=&#8221;47px&#8221; custom_margin=&#8221;-55px||2px||false|false&#8221; custom_padding=&#8221;0|0px|3px|0px|false|false&#8221; z_index_tablet=&#8221;&#8221; z_index_phone=&#8221;&#8221; z_index_last_edited=&#8221;on|desktop&#8221; global_module=&#8221;146&#8243; global_colors_info=&#8221;{}&#8221;][et_pb_fullwidth_menu menu_style=&#8221;centered&#8221; fullwidth_menu=&#8221;on&#8221; cart_icon_color=&#8221;#000000&#8243; search_icon_color=&#8221;#000000&#8243; menu_icon_color=&#8221;#000000&#8243; search_icon_font_size=&#8221;20px&#8221; disabled_on=&#8221;off|off|off&#8221; _builder_version=&#8221;4.27.4&#8243; menu_font=&#8221;||||||||&#8221; background_color=&#8221;rgba(255,255,255,0)&#8221; background_color_gradient_direction=&#8221;90deg&#8221; min_height=&#8221;103px&#8221; custom_margin=&#8221;45px|-157px|-20px|||&#8221; custom_padding=&#8221;|290px|2px|167px||&#8221; global_colors_info=&#8221;{}&#8221;][\/et_pb_fullwidth_menu][\/et_pb_section][et_pb_section fb_built=&#8221;1&#8243; disabled_on=&#8221;off|off|on&#8221; admin_label=&#8221;Section entete mobiles tablettes&#8221; _builder_version=&#8221;4.27.4&#8243; custom_padding=&#8221;0px|0px|0px|0px|false|false&#8221; global_module=&#8221;74&#8243; saved_tabs=&#8221;all&#8221; global_colors_info=&#8221;{}&#8221;][et_pb_row disabled_on=&#8221;off|off|off&#8221; admin_label=&#8221;Ent\u00eate site mobile&#8221; _builder_version=&#8221;4.27.4&#8243; background_color=&#8221;#535658&#8243; background_enable_image=&#8221;off&#8221; background_size=&#8221;contain&#8221; background_position=&#8221;center_left&#8221; width=&#8221;100%&#8221; max_width=&#8221;100%&#8221; min_height=&#8221;191.9px&#8221; custom_margin=&#8221;1px|0px|0px|0px|false|false&#8221; custom_padding=&#8221;61px|0px|61px|0px|true|false&#8221; use_custom_width=&#8221;on&#8221; width_unit=&#8221;off&#8221; custom_width_percent=&#8221;100%&#8221; global_colors_info=&#8221;{}&#8221;][et_pb_column type=&#8221;4_4&#8243; _builder_version=&#8221;4.16&#8243; custom_padding=&#8221;|||&#8221; global_colors_info=&#8221;{}&#8221; custom_padding__hover=&#8221;|||&#8221;][et_pb_image src=&#8221;https:\/\/www.carre-f.com\/magasin-73\/wp-content\/uploads\/2025\/08\/ACCEUIL.png&#8221; title_text=&#8221;ACCEUIL&#8221; url=&#8221;https:\/\/www.carre-f.com\/magasin-73\/&#8221; align=&#8221;center&#8221; _builder_version=&#8221;4.27.4&#8243; _module_preset=&#8221;default&#8221; width=&#8221;15%&#8221; width_tablet=&#8221;63%&#8221; width_phone=&#8221;58%&#8221; width_last_edited=&#8221;on|phone&#8221; module_alignment=&#8221;center&#8221; custom_margin=&#8221;12px||0px||false|false&#8221; custom_padding=&#8221;||0px||false|false&#8221; global_colors_info=&#8221;{}&#8221;][\/et_pb_image][\/et_pb_column][\/et_pb_row][et_pb_row _builder_version=&#8221;4.27.4&#8243; _module_preset=&#8221;default&#8221; background_color=&#8221;RGBA(255,255,255,0)&#8221; global_colors_info=&#8221;{}&#8221;][et_pb_column type=&#8221;4_4&#8243; _builder_version=&#8221;4.27.4&#8243; _module_preset=&#8221;default&#8221; global_colors_info=&#8221;{}&#8221;][et_pb_search _builder_version=&#8221;4.27.4&#8243; _module_preset=&#8221;default&#8221; background_color=&#8221;#FFFFFF&#8221; global_colors_info=&#8221;{}&#8221;][\/et_pb_search][\/et_pb_column][\/et_pb_row][\/et_pb_section][et_pb_section fb_built=&#8221;1&#8243; _builder_version=&#8221;4.16&#8243; custom_padding=&#8221;0|0px|0|0px|false|false&#8221; global_colors_info=&#8221;{}&#8221;][et_pb_row _builder_version=&#8221;4.27.4&#8243; _module_preset=&#8221;default&#8221; global_colors_info=&#8221;{}&#8221;][et_pb_column type=&#8221;4_4&#8243; _builder_version=&#8221;4.27.4&#8243; _module_preset=&#8221;default&#8221; global_colors_info=&#8221;{}&#8221;][et_pb_text _builder_version=&#8221;4.27.4&#8243; _module_preset=&#8221;default&#8221; text_font_size=&#8221;22px&#8221; header_font_size=&#8221;40px&#8221; global_colors_info=&#8221;{}&#8221;]<\/p>\n<h1 style=\"text-align: center;\"><span style=\"color: #000000;\"><strong>CHAUFFAGE ET CLIMATISATION<\/strong><\/span><\/h1>\n<p>[\/et_pb_text][et_pb_text _builder_version=&#8221;4.27.4&#8243; _module_preset=&#8221;default&#8221; global_colors_info=&#8221;{}&#8221;]<\/p>\n<h2 style=\"text-align: center;\"><em><span style=\"color: #ff0000;\">CHAUFFAGE \u00c0 GRANULES DE BOIS<\/span><\/em><\/h2>\n<p>[\/et_pb_text][\/et_pb_column][\/et_pb_row][\/et_pb_section][et_pb_section fb_built=&#8221;1&#8243; _builder_version=&#8221;4.27.4&#8243; _module_preset=&#8221;default&#8221; box_shadow_style=&#8221;preset6&#8243; global_colors_info=&#8221;{}&#8221;][et_pb_row _builder_version=&#8221;4.27.4&#8243; _module_preset=&#8221;default&#8221; global_colors_info=&#8221;{}&#8221;][et_pb_column type=&#8221;4_4&#8243; _builder_version=&#8221;4.27.4&#8243; _module_preset=&#8221;default&#8221; global_colors_info=&#8221;{}&#8221;][et_pb_text _builder_version=&#8221;4.27.4&#8243; _module_preset=&#8221;default&#8221; global_colors_info=&#8221;{}&#8221;]<\/p>\n<h2 data-start=\"82\" data-end=\"271\"><span style=\"text-decoration: underline;\"><span style=\"color: #000000; text-decoration: underline;\">Chauffage \u00e0 granules de bois<\/span><\/span><\/h2>\n<p data-start=\"82\" data-end=\"271\">Envie de vous mettre au vert ?<br data-start=\"112\" data-end=\"115\" \/>\u00c9cologique, pratique et \u00e9conomique, le chauffage \u00e0 granul\u00e9s de bois est une solution parfaitement adapt\u00e9e aux enjeux actuels et aux modes de vie modernes.<\/p>\n<h3 data-start=\"273\" data-end=\"310\"><span style=\"color: #000000;\">Les avantages du po\u00eale \u00e0 granules :<\/span><\/h3>\n<ul data-start=\"311\" data-end=\"555\">\n<li data-start=\"311\" data-end=\"382\">\n<p data-start=\"313\" data-end=\"382\">Programmation et d\u00e9marrage automatique pour un confort au quotidien<\/p>\n<\/li>\n<li data-start=\"383\" data-end=\"448\">\n<p data-start=\"385\" data-end=\"448\">Rendement \u00e9lev\u00e9 sup\u00e9rieur \u00e0 90 % pour des \u00e9conomies d\u2019\u00e9nergie<\/p>\n<\/li>\n<li data-start=\"449\" data-end=\"495\">\n<p data-start=\"451\" data-end=\"495\">Entretien simple et consommation ma\u00eetris\u00e9e<\/p>\n<\/li>\n<li data-start=\"496\" data-end=\"555\">\n<p data-start=\"498\" data-end=\"555\">\u00c9nergie renouvelable et respectueuse de l\u2019environnement<\/p>\n<\/li>\n<\/ul>\n<p data-start=\"557\" data-end=\"677\">Avec un po\u00eale \u00e0 granul\u00e9s, vous profitez d\u2019une chaleur douce et r\u00e9guli\u00e8re tout en r\u00e9duisant votre empreinte \u00e9cologique.<\/p>\n<p data-start=\"679\" data-end=\"873\">Sp\u00e9cialistes du po\u00eale \u00e0 granul\u00e9s depuis plus de 30 ans, les Etablissements Carre vous accompagnent dans toutes les \u00e9tapes : \u00e9tude personnalis\u00e9e, conseil, installation, maintenance et service apr\u00e8s-vente.<\/p>\n<p data-start=\"875\" data-end=\"1135\">D\u00e9couvrez en magasin des dizaines de mod\u00e8les expos\u00e9s et laissez-vous guider par une \u00e9quipe de professionnels \u00e0 votre \u00e9coute. Distributeur agr\u00e9\u00e9 Palazzetti, nous proposons \u00e9galement d\u2019autres grandes marques reconnues pour leur fiabilit\u00e9 et leurs performances.<\/p>\n<p>[\/et_pb_text][\/et_pb_column][\/et_pb_row][\/et_pb_section][et_pb_section fb_built=&#8221;1&#8243; _builder_version=&#8221;4.27.4&#8243; _module_preset=&#8221;default&#8221; custom_margin=&#8221;||-42px|||&#8221; global_colors_info=&#8221;{}&#8221;][et_pb_row _builder_version=&#8221;4.27.4&#8243; _module_preset=&#8221;default&#8221; global_colors_info=&#8221;{}&#8221;][et_pb_column type=&#8221;4_4&#8243; _builder_version=&#8221;4.27.4&#8243; _module_preset=&#8221;default&#8221; global_colors_info=&#8221;{}&#8221;][et_pb_image src=&#8221;https:\/\/www.carre-f.com\/magasin-73\/wp-content\/uploads\/2025\/09\/6000m2-de-stock-1.jpg&#8221; title_text=&#8221;6000m2 de stock (1)&#8221; _builder_version=&#8221;4.27.4&#8243; _module_preset=&#8221;default&#8221; box_shadow_style=&#8221;preset1&#8243; global_colors_info=&#8221;{}&#8221;][\/et_pb_image][\/et_pb_column][\/et_pb_row][et_pb_row _builder_version=&#8221;4.27.4&#8243; _module_preset=&#8221;default&#8221; custom_padding=&#8221;3px||61px|||&#8221; global_colors_info=&#8221;{}&#8221; custom_margin=&#8221;|auto|26px|auto||&#8221;][et_pb_column type=&#8221;4_4&#8243; _builder_version=&#8221;4.27.4&#8243; _module_preset=&#8221;default&#8221; global_colors_info=&#8221;{}&#8221;][et_pb_button button_url=&#8221;https:\/\/www.carre-f.com\/magasin-73\/services-techniques-et-sav\/#%C3%A9lectricit%C3%A9&#8243; button_text=&#8221;En savoir plus &#8221; button_alignment=&#8221;right&#8221; _builder_version=&#8221;4.27.4&#8243; _module_preset=&#8221;default&#8221; custom_button=&#8221;on&#8221; button_text_size=&#8221;15px&#8221; button_text_color=&#8221;#FFFFFF&#8221; button_bg_color=&#8221;#000000&#8243; button_border_width=&#8221;0px&#8221; box_shadow_style=&#8221;preset1&#8243; global_colors_info=&#8221;{}&#8221;][\/et_pb_button][\/et_pb_column][\/et_pb_row][\/et_pb_section][et_pb_section fb_built=&#8221;1&#8243; disabled_on=&#8221;off|off|off&#8221; admin_label=&#8221;COLONNES BAS DE PAGE&#8221; _builder_version=&#8221;4.27.4&#8243; background_color=&#8221;#535658&#8243; background_image=&#8221;https:\/\/www.carre-f.com\/magasin-73\/wp-content\/uploads\/2025\/08\/6000m2-de-stock-9.png&#8221; width=&#8221;100%&#8221; max_width=&#8221;100%&#8221; min_height=&#8221;100px&#8221; custom_margin=&#8221;8px||-231px|||&#8221; custom_padding=&#8221;71px|0px|25px|0px|false|false&#8221; animation_direction=&#8221;bottom&#8221; global_module=&#8221;92&#8243; saved_tabs=&#8221;all&#8221; global_colors_info=&#8221;{}&#8221;][\/et_pb_section]<\/p>\n","protected":false},"excerpt":{"rendered":"<p>CHAUFFAGE ET CLIMATISATIONCHAUFFAGE \u00c0 GRANULES DE BOISChauffage \u00e0 granules de bois Envie de vous mettre au vert ?\u00c9cologique, pratique et \u00e9conomique, le chauffage \u00e0 granul\u00e9s de bois est une solution parfaitement adapt\u00e9e aux enjeux actuels et aux modes de vie modernes. Les avantages du po\u00eale \u00e0 granules : Programmation et d\u00e9marrage automatique pour un confort [&hellip;]<\/p>\n","protected":false},"author":1,"featured_media":0,"parent":0,"menu_order":0,"comment_status":"closed","ping_status":"open","template":"","meta":{"_et_pb_use_builder":"on","_et_pb_old_content":"<p>Voici un exemple de page. Elle est diff\u00e9rente d\u2019un article de blog, en cela qu\u2019elle restera \u00e0 la m\u00eame place, et s\u2019affichera dans le menu de navigation de votre site (en fonction de votre th\u00e8me). La plupart des gens commencent par \u00e9crire une page \u00ab\u00a0\u00c0 Propos\u00a0\u00bb qui les pr\u00e9sente aux visiteurs potentiels du site. Vous pourriez y \u00e9crire quelque chose de ce tenant\u00a0:<\/p>\r\n<blockquote>\r\n<p>Bonjour\u00a0! Je suis un m\u00e9canicien qui aspire \u00e0 devenir un acteur, et ceci est mon blog. J\u2019habite \u00e0 Bordeaux, j\u2019ai un super chien qui s\u2019appelle Russell, et j\u2019aime la vodka-ananas (ainsi que perdre mon temps \u00e0 regarder la pluie tomber).<\/p>\r\n<\/blockquote>\r\n<p>...ou bien quelque chose comme cela\u00a0:<\/p>\r\n<blockquote>\r\n<p>La soci\u00e9t\u00e9 123 Machin Truc a \u00e9t\u00e9 cr\u00e9\u00e9e en 1971, et n\u2019a cess\u00e9 de proposer au public des machins-trucs de qualit\u00e9 depuis cette ann\u00e9e. Situ\u00e9e \u00e0 Saint-Remy-en-Bouzemont-Saint-Genest-et-Isson, 123 Machin Truc emploie 2\u00a0000 personnes, et fabrique toutes sortes de bidules super pour la communaut\u00e9 bouzemontoise.<\/p>\r\n<\/blockquote>\r\n<p>\u00c9tant donn\u00e9 que vous \u00eates un nouvel utilisateur ou une nouvelle utilisatrice de WordPress, vous devriez vous rendre sur votre <a href=\"http:\/\/www.carre-f.com\/magasin-73\/wp-admin\/\">tableau de bord<\/a> pour effacer la pr\u00e9sente page, et cr\u00e9er de nouvelles pages avec votre propre contenu. Amusez-vous bien\u00a0!<\/p>","_et_gb_content_width":"","_exactmetrics_skip_tracking":false,"_exactmetrics_sitenote_active":false,"_exactmetrics_sitenote_note":"","_exactmetrics_sitenote_category":0,"footnotes":""},"class_list":["post-833","page","type-page","status-publish","hentry"],"yoast_head":"<!-- This site is optimized with the Yoast SEO plugin v27.5 - https:\/\/yoast.com\/product\/yoast-seo-wordpress\/ -->\n<title>Chauffage et climatisation &gt; Chauffage \u00e0 Granules de bois | Carre | 73330<\/title>\n<meta name=\"description\" content=\"Chauffage et climatisation &gt; Chauffage \u00e0 Granules de bois | Magasin Carre | Granul\u00e9s | Installation, d\u00e9pannage, entretien | La Baronnie - Pont-de-Beauvoisin\" \/>\n<meta name=\"robots\" content=\"index, follow, max-snippet:-1, max-image-preview:large, max-video-preview:-1\" \/>\n<link rel=\"canonical\" href=\"https:\/\/www.carre-f.com\/magasin-73\/chauffage-et-climatisation-poeles-a-granules-de-bois\/\" \/>\n<meta property=\"og:locale\" content=\"fr_FR\" \/>\n<meta property=\"og:type\" content=\"article\" \/>\n<meta property=\"og:title\" content=\"Chauffage et climatisation &gt; Chauffage \u00e0 Granules de bois | Carre | 73330\" \/>\n<meta property=\"og:description\" content=\"Chauffage et climatisation &gt; Chauffage \u00e0 Granules de bois | Magasin Carre | Granul\u00e9s | Installation, d\u00e9pannage, entretien | La Baronnie - Pont-de-Beauvoisin\" \/>\n<meta property=\"og:url\" content=\"https:\/\/www.carre-f.com\/magasin-73\/chauffage-et-climatisation-poeles-a-granules-de-bois\/\" \/>\n<meta property=\"og:site_name\" content=\"Magasin Carre\" \/>\n<meta property=\"article:publisher\" content=\"https:\/\/www.facebook.com\/Carre-Pont-De-Beauvoisin-73-1447138085501074\/\" \/>\n<meta property=\"article:modified_time\" content=\"2026-01-14T14:37:55+00:00\" \/>\n<meta property=\"og:image\" content=\"https:\/\/www.carre-f.com\/magasin-73\/wp-content\/uploads\/2018\/10\/LOGO-CARRE.jpg\" \/>\n\t<meta property=\"og:image:width\" content=\"450\" \/>\n\t<meta property=\"og:image:height\" content=\"127\" \/>\n\t<meta property=\"og:image:type\" content=\"image\/jpeg\" \/>\n<meta name=\"twitter:card\" content=\"summary_large_image\" \/>\n<meta name=\"twitter:label1\" content=\"Dur\u00e9e de lecture estim\u00e9e\" \/>\n\t<meta name=\"twitter:data1\" content=\"6 minutes\" \/>\n<script type=\"application\/ld+json\" class=\"yoast-schema-graph\">{\"@context\":\"https:\\\/\\\/schema.org\",\"@graph\":[{\"@type\":\"WebPage\",\"@id\":\"https:\\\/\\\/www.carre-f.com\\\/magasin-73\\\/chauffage-et-climatisation-poeles-a-granules-de-bois\\\/\",\"url\":\"https:\\\/\\\/www.carre-f.com\\\/magasin-73\\\/chauffage-et-climatisation-poeles-a-granules-de-bois\\\/\",\"name\":\"Chauffage et climatisation > Chauffage \u00e0 Granules de bois | Carre | 73330\",\"isPartOf\":{\"@id\":\"https:\\\/\\\/www.carre-f.com\\\/magasin-73\\\/#website\"},\"datePublished\":\"2018-10-30T09:57:06+00:00\",\"dateModified\":\"2026-01-14T14:37:55+00:00\",\"description\":\"Chauffage et climatisation > Chauffage \u00e0 Granules de bois | Magasin Carre | Granul\u00e9s | Installation, d\u00e9pannage, entretien | La Baronnie - Pont-de-Beauvoisin\",\"breadcrumb\":{\"@id\":\"https:\\\/\\\/www.carre-f.com\\\/magasin-73\\\/chauffage-et-climatisation-poeles-a-granules-de-bois\\\/#breadcrumb\"},\"inLanguage\":\"fr-FR\",\"potentialAction\":[{\"@type\":\"ReadAction\",\"target\":[\"https:\\\/\\\/www.carre-f.com\\\/magasin-73\\\/chauffage-et-climatisation-poeles-a-granules-de-bois\\\/\"]}]},{\"@type\":\"BreadcrumbList\",\"@id\":\"https:\\\/\\\/www.carre-f.com\\\/magasin-73\\\/chauffage-et-climatisation-poeles-a-granules-de-bois\\\/#breadcrumb\",\"itemListElement\":[{\"@type\":\"ListItem\",\"position\":1,\"name\":\"Accueil\",\"item\":\"https:\\\/\\\/www.carre-f.com\\\/magasin-73\\\/\"},{\"@type\":\"ListItem\",\"position\":2,\"name\":\"Chauffage et climatisation > Chauffage \u00e0 Granules de bois\"}]},{\"@type\":\"WebSite\",\"@id\":\"https:\\\/\\\/www.carre-f.com\\\/magasin-73\\\/#website\",\"url\":\"https:\\\/\\\/www.carre-f.com\\\/magasin-73\\\/\",\"name\":\"Magasin Carre\",\"description\":\"Electrom\u00e9nager, luminaires, chauffage, d\u00e9coration au Pont de Beauvoisin\",\"publisher\":{\"@id\":\"https:\\\/\\\/www.carre-f.com\\\/magasin-73\\\/#organization\"},\"potentialAction\":[{\"@type\":\"SearchAction\",\"target\":{\"@type\":\"EntryPoint\",\"urlTemplate\":\"https:\\\/\\\/www.carre-f.com\\\/magasin-73\\\/?s={search_term_string}\"},\"query-input\":{\"@type\":\"PropertyValueSpecification\",\"valueRequired\":true,\"valueName\":\"search_term_string\"}}],\"inLanguage\":\"fr-FR\"},{\"@type\":\"Organization\",\"@id\":\"https:\\\/\\\/www.carre-f.com\\\/magasin-73\\\/#organization\",\"name\":\"Carre\",\"url\":\"https:\\\/\\\/www.carre-f.com\\\/magasin-73\\\/\",\"logo\":{\"@type\":\"ImageObject\",\"inLanguage\":\"fr-FR\",\"@id\":\"https:\\\/\\\/www.carre-f.com\\\/magasin-73\\\/#\\\/schema\\\/logo\\\/image\\\/\",\"url\":\"https:\\\/\\\/www.carre-f.com\\\/magasin-73\\\/wp-content\\\/uploads\\\/2018\\\/10\\\/LOGO-CARRE.jpg\",\"contentUrl\":\"https:\\\/\\\/www.carre-f.com\\\/magasin-73\\\/wp-content\\\/uploads\\\/2018\\\/10\\\/LOGO-CARRE.jpg\",\"width\":450,\"height\":127,\"caption\":\"Carre\"},\"image\":{\"@id\":\"https:\\\/\\\/www.carre-f.com\\\/magasin-73\\\/#\\\/schema\\\/logo\\\/image\\\/\"},\"sameAs\":[\"https:\\\/\\\/www.facebook.com\\\/Carre-Pont-De-Beauvoisin-73-1447138085501074\\\/\"]}]}<\/script>\n<!-- \/ Yoast SEO plugin. -->","yoast_head_json":{"title":"Chauffage et climatisation > Chauffage \u00e0 Granules de bois | Carre | 73330","description":"Chauffage et climatisation > Chauffage \u00e0 Granules de bois | Magasin Carre | Granul\u00e9s | Installation, d\u00e9pannage, entretien | La Baronnie - Pont-de-Beauvoisin","robots":{"index":"index","follow":"follow","max-snippet":"max-snippet:-1","max-image-preview":"max-image-preview:large","max-video-preview":"max-video-preview:-1"},"canonical":"https:\/\/www.carre-f.com\/magasin-73\/chauffage-et-climatisation-poeles-a-granules-de-bois\/","og_locale":"fr_FR","og_type":"article","og_title":"Chauffage et climatisation > Chauffage \u00e0 Granules de bois | Carre | 73330","og_description":"Chauffage et climatisation > Chauffage \u00e0 Granules de bois | Magasin Carre | Granul\u00e9s | Installation, d\u00e9pannage, entretien | La Baronnie - Pont-de-Beauvoisin","og_url":"https:\/\/www.carre-f.com\/magasin-73\/chauffage-et-climatisation-poeles-a-granules-de-bois\/","og_site_name":"Magasin Carre","article_publisher":"https:\/\/www.facebook.com\/Carre-Pont-De-Beauvoisin-73-1447138085501074\/","article_modified_time":"2026-01-14T14:37:55+00:00","og_image":[{"width":450,"height":127,"url":"https:\/\/www.carre-f.com\/magasin-73\/wp-content\/uploads\/2018\/10\/LOGO-CARRE.jpg","type":"image\/jpeg"}],"twitter_card":"summary_large_image","twitter_misc":{"Dur\u00e9e de lecture estim\u00e9e":"6 minutes"},"schema":{"@context":"https:\/\/schema.org","@graph":[{"@type":"WebPage","@id":"https:\/\/www.carre-f.com\/magasin-73\/chauffage-et-climatisation-poeles-a-granules-de-bois\/","url":"https:\/\/www.carre-f.com\/magasin-73\/chauffage-et-climatisation-poeles-a-granules-de-bois\/","name":"Chauffage et climatisation > Chauffage \u00e0 Granules de bois | Carre | 73330","isPartOf":{"@id":"https:\/\/www.carre-f.com\/magasin-73\/#website"},"datePublished":"2018-10-30T09:57:06+00:00","dateModified":"2026-01-14T14:37:55+00:00","description":"Chauffage et climatisation > Chauffage \u00e0 Granules de bois | Magasin Carre | Granul\u00e9s | Installation, d\u00e9pannage, entretien | La Baronnie - Pont-de-Beauvoisin","breadcrumb":{"@id":"https:\/\/www.carre-f.com\/magasin-73\/chauffage-et-climatisation-poeles-a-granules-de-bois\/#breadcrumb"},"inLanguage":"fr-FR","potentialAction":[{"@type":"ReadAction","target":["https:\/\/www.carre-f.com\/magasin-73\/chauffage-et-climatisation-poeles-a-granules-de-bois\/"]}]},{"@type":"BreadcrumbList","@id":"https:\/\/www.carre-f.com\/magasin-73\/chauffage-et-climatisation-poeles-a-granules-de-bois\/#breadcrumb","itemListElement":[{"@type":"ListItem","position":1,"name":"Accueil","item":"https:\/\/www.carre-f.com\/magasin-73\/"},{"@type":"ListItem","position":2,"name":"Chauffage et climatisation > Chauffage \u00e0 Granules de bois"}]},{"@type":"WebSite","@id":"https:\/\/www.carre-f.com\/magasin-73\/#website","url":"https:\/\/www.carre-f.com\/magasin-73\/","name":"Magasin Carre","description":"Electrom\u00e9nager, luminaires, chauffage, d\u00e9coration au Pont de Beauvoisin","publisher":{"@id":"https:\/\/www.carre-f.com\/magasin-73\/#organization"},"potentialAction":[{"@type":"SearchAction","target":{"@type":"EntryPoint","urlTemplate":"https:\/\/www.carre-f.com\/magasin-73\/?s={search_term_string}"},"query-input":{"@type":"PropertyValueSpecification","valueRequired":true,"valueName":"search_term_string"}}],"inLanguage":"fr-FR"},{"@type":"Organization","@id":"https:\/\/www.carre-f.com\/magasin-73\/#organization","name":"Carre","url":"https:\/\/www.carre-f.com\/magasin-73\/","logo":{"@type":"ImageObject","inLanguage":"fr-FR","@id":"https:\/\/www.carre-f.com\/magasin-73\/#\/schema\/logo\/image\/","url":"https:\/\/www.carre-f.com\/magasin-73\/wp-content\/uploads\/2018\/10\/LOGO-CARRE.jpg","contentUrl":"https:\/\/www.carre-f.com\/magasin-73\/wp-content\/uploads\/2018\/10\/LOGO-CARRE.jpg","width":450,"height":127,"caption":"Carre"},"image":{"@id":"https:\/\/www.carre-f.com\/magasin-73\/#\/schema\/logo\/image\/"},"sameAs":["https:\/\/www.facebook.com\/Carre-Pont-De-Beauvoisin-73-1447138085501074\/"]}]}},"publishpress_future_action":{"enabled":false,"date":"2026-05-18 14:16:12","action":"change-status","newStatus":"draft","terms":[],"taxonomy":"","extraData":[]},"publishpress_future_workflow_manual_trigger":{"enabledWorkflows":[]},"_links":{"self":[{"href":"https:\/\/www.carre-f.com\/magasin-73\/wp-json\/wp\/v2\/pages\/833","targetHints":{"allow":["GET"]}}],"collection":[{"href":"https:\/\/www.carre-f.com\/magasin-73\/wp-json\/wp\/v2\/pages"}],"about":[{"href":"https:\/\/www.carre-f.com\/magasin-73\/wp-json\/wp\/v2\/types\/page"}],"author":[{"embeddable":true,"href":"https:\/\/www.carre-f.com\/magasin-73\/wp-json\/wp\/v2\/users\/1"}],"replies":[{"embeddable":true,"href":"https:\/\/www.carre-f.com\/magasin-73\/wp-json\/wp\/v2\/comments?post=833"}],"version-history":[{"count":10,"href":"https:\/\/www.carre-f.com\/magasin-73\/wp-json\/wp\/v2\/pages\/833\/revisions"}],"predecessor-version":[{"id":6630,"href":"https:\/\/www.carre-f.com\/magasin-73\/wp-json\/wp\/v2\/pages\/833\/revisions\/6630"}],"wp:attachment":[{"href":"https:\/\/www.carre-f.com\/magasin-73\/wp-json\/wp\/v2\/media?parent=833"}],"curies":[{"name":"wp","href":"https:\/\/api.w.org\/{rel}","templated":true}]}}